{"id":217,"date":"2021-11-05T10:49:54","date_gmt":"2021-11-05T13:49:54","guid":{"rendered":"https:\/\/clarkpicollo.adv.br\/?page_id=217"},"modified":"2025-08-21T09:31:31","modified_gmt":"2025-08-21T12:31:31","slug":"areas-de-atuacao","status":"publish","type":"page","link":"https:\/\/clarkpicollo.adv.br\/en\/areas-de-atuacao\/","title":{"rendered":"Pratice Areas"},"content":{"rendered":"<div data-elementor-type=\"wp-page\" data-elementor-id=\"217\" class=\"elementor elementor-217\" data-elementor-post-type=\"page\">\n\t\t\t\t<div class=\"elementor-element elementor-element-896a7e2 e-flex e-con-boxed e-con e-parent\" data-id=\"896a7e2\" data-element_type=\"container\">\n\t\t\t\t\t<div class=\"e-con-inner\">\n\t\t\t\t<div class=\"elementor-element elementor-element-ddde736 elementor-invisible elementor-widget elementor-widget-heading\" data-id=\"ddde736\" data-element_type=\"widget\" data-settings=\"{&quot;_animation&quot;:&quot;fadeInUp&quot;,&quot;_animation_delay&quot;:200}\" data-widget_type=\"heading.default\">\n\t\t\t\t<div class=\"elementor-widget-container\">\n\t\t\t\t\t<h1 class=\"elementor-heading-title elementor-size-default\">PRACTICE AREAS<\/h1>\t\t\t\t<\/div>\n\t\t\t\t<\/div>\n\t\t\t\t<div class=\"elementor-element elementor-element-77aec27 animated-slow elementor-invisible elementor-widget elementor-widget-heading\" data-id=\"77aec27\" data-element_type=\"widget\" data-settings=\"{&quot;_animation&quot;:&quot;fadeIn&quot;,&quot;_animation_delay&quot;:100}\" data-widget_type=\"heading.default\">\n\t\t\t\t<div class=\"elementor-widget-container\">\n\t\t\t\t\t<h2 class=\"elementor-heading-title elementor-size-default\">Our <br> Expertise<\/h2>\t\t\t\t<\/div>\n\t\t\t\t<\/div>\n\t\t\t\t<div class=\"elementor-element elementor-element-eebf346 animated-slow elementor-invisible elementor-widget elementor-widget-text-editor\" data-id=\"eebf346\" data-element_type=\"widget\" data-settings=\"{&quot;_animation&quot;:&quot;fadeInLeft&quot;,&quot;_animation_delay&quot;:200}\" data-widget_type=\"text-editor.default\">\n\t\t\t\t<div class=\"elementor-widget-container\">\n\t\t\t\t\t\t\t\t\t<p><span style=\"font-size: 19.2px;\">We strongly believe that prevention, through advisory services, is the best way to avoid future issues. That's why we offer targeted services for legal risk management in various business areas.<\/span><\/p>\n<p>Furthermore, in case of disputes, our team also provides top-notch services, including representation in both judicial and non-judicial proceedings. Our goal is to defend, repair, and minimize damages caused by third parties.<\/p>\n<p>Take a look below at how we can assist you!<\/p>\t\t\t\t\t\t\t\t<\/div>\n\t\t\t\t<\/div>\n\t\t\t\t\t<\/div>\n\t\t\t\t<\/div>\n\t\t<div class=\"elementor-element elementor-element-048d77f e-flex e-con-boxed e-con e-parent\" data-id=\"048d77f\" data-element_type=\"container\">\n\t\t\t\t\t<div class=\"e-con-inner\">\n\t\t\t\t<div class=\"elementor-element elementor-element-4fbb581 elementor-widget elementor-widget-button\" data-id=\"4fbb581\" data-element_type=\"widget\" data-widget_type=\"button.default\">\n\t\t\t\t<div class=\"elementor-widget-container\">\n\t\t\t\t\t\t\t\t\t<div class=\"elementor-button-wrapper\">\n\t\t\t\t\t<a class=\"elementor-button elementor-button-link elementor-size-sm elementor-animation-shrink\" href=\"https:\/\/clarkpicollo.adv.br\/en\/comercio-exterior\/\">\n\t\t\t\t\t\t<span class=\"elementor-button-content-wrapper\">\n\t\t\t\t\t\t\t\t\t<span class=\"elementor-button-text\">INTERNATIONAL <br>trade <\/span>\n\t\t\t\t\t<\/span>\n\t\t\t\t\t<\/a>\n\t\t\t\t<\/div>\n\t\t\t\t\t\t\t\t<\/div>\n\t\t\t\t<\/div>\n\t\t\t\t<div class=\"elementor-element elementor-element-75f2ce5 elementor-widget elementor-widget-button\" data-id=\"75f2ce5\" data-element_type=\"widget\" data-widget_type=\"button.default\">\n\t\t\t\t<div class=\"elementor-widget-container\">\n\t\t\t\t\t\t\t\t\t<div class=\"elementor-button-wrapper\">\n\t\t\t\t\t<a class=\"elementor-button elementor-size-sm elementor-animation-shrink\" role=\"button\">\n\t\t\t\t\t\t<span class=\"elementor-button-content-wrapper\">\n\t\t\t\t\t\t\t\t\t<span class=\"elementor-button-text\">dIREITO REGULAT\u00d3RIO <br> DOS TRANSPORTES<\/span>\n\t\t\t\t\t<\/span>\n\t\t\t\t\t<\/a>\n\t\t\t\t<\/div>\n\t\t\t\t\t\t\t\t<\/div>\n\t\t\t\t<\/div>\n\t\t\t\t<div class=\"elementor-element elementor-element-f5ed083 elementor-mobile-align-left elementor-widget elementor-widget-button\" data-id=\"f5ed083\" data-element_type=\"widget\" data-widget_type=\"button.default\">\n\t\t\t\t<div class=\"elementor-widget-container\">\n\t\t\t\t\t\t\t\t\t<div class=\"elementor-button-wrapper\">\n\t\t\t\t\t<a class=\"elementor-button elementor-button-link elementor-size-sm elementor-animation-shrink\" href=\"https:\/\/clarkpicollo.adv.br\/en\/assessoria-juridica-empresarial\/\">\n\t\t\t\t\t\t<span class=\"elementor-button-content-wrapper\">\n\t\t\t\t\t\t\t\t\t<span class=\"elementor-button-text\">DIREITO <br> EMPRESARIAL<\/span>\n\t\t\t\t\t<\/span>\n\t\t\t\t\t<\/a>\n\t\t\t\t<\/div>\n\t\t\t\t\t\t\t\t<\/div>\n\t\t\t\t<\/div>\n\t\t\t\t\t<\/div>\n\t\t\t\t<\/div>\n\t\t<div class=\"elementor-element elementor-element-64a1fbc e-con-full elementor-hidden-widescreen elementor-hidden-desktop elementor-hidden-laptop elementor-hidden-tablet elementor-hidden-mobile_extra elementor-hidden-mobile e-flex e-con e-parent\" data-id=\"64a1fbc\" data-element_type=\"container\" data-settings=\"{&quot;background_background&quot;:&quot;classic&quot;}\">\n\t\t\t\t<div class=\"elementor-element elementor-element-2b0dc4a elementor-widget elementor-widget-heading\" data-id=\"2b0dc4a\" data-element_type=\"widget\" data-widget_type=\"heading.default\">\n\t\t\t\t<div class=\"elementor-widget-container\">\n\t\t\t\t\t<h2 class=\"elementor-heading-title elementor-size-default\">CONTENTS<\/h2>\t\t\t\t<\/div>\n\t\t\t\t<\/div>\n\t\t\t\t<div class=\"elementor-element elementor-element-81820d9 elementor-widget elementor-widget-image-box\" data-id=\"81820d9\" data-element_type=\"widget\" data-widget_type=\"image-box.default\">\n\t\t\t\t<div class=\"elementor-widget-container\">\n\t\t\t\t\t<div class=\"elementor-image-box-wrapper\"><div class=\"elementor-image-box-content\"><h2 class=\"elementor-image-box-title\">You may like this<\/h2><p class=\"elementor-image-box-description\">We have prepared some content that may be interesting to you.<\/p><\/div><\/div>\t\t\t\t<\/div>\n\t\t\t\t<\/div>\n\t\t\t\t<\/div>\n\t\t<div class=\"elementor-element elementor-element-b63f6fe e-con-full e-flex e-con e-parent\" data-id=\"b63f6fe\" data-element_type=\"container\" data-settings=\"{&quot;background_background&quot;:&quot;classic&quot;}\">\n\t\t\t\t<div class=\"elementor-element elementor-element-9b19e77 elementor-shape-rounded elementor-grid-0 e-grid-align-center elementor-widget elementor-widget-social-icons\" data-id=\"9b19e77\" data-element_type=\"widget\" data-widget_type=\"social-icons.default\">\n\t\t\t\t<div class=\"elementor-widget-container\">\n\t\t\t\t\t\t\t<div class=\"elementor-social-icons-wrapper elementor-grid\" role=\"list\">\n\t\t\t\t\t\t\t<span class=\"elementor-grid-item\" role=\"listitem\">\n\t\t\t\t\t<a class=\"elementor-icon elementor-social-icon elementor-social-icon-instagram elementor-repeater-item-a229ff5\" href=\"https:\/\/www.instagram.com\/clarkpicolloadv\/\" target=\"_blank\">\n\t\t\t\t\t\t<span class=\"elementor-screen-only\">Instagram<\/span>\n\t\t\t\t\t\t<svg class=\"e-font-icon-svg e-fab-instagram\" viewbox=\"0 0 448 512\" xmlns=\"http:\/\/www.w3.org\/2000\/svg\"><path d=\"M224.1 141c-63.6 0-114.9 51.3-114.9 114.9s51.3 114.9 114.9 114.9S339 319.5 339 255.9 287.7 141 224.1 141zm0 189.6c-41.1 0-74.7-33.5-74.7-74.7s33.5-74.7 74.7-74.7 74.7 33.5 74.7 74.7-33.6 74.7-74.7 74.7zm146.4-194.3c0 14.9-12 26.8-26.8 26.8-14.9 0-26.8-12-26.8-26.8s12-26.8 26.8-26.8 26.8 12 26.8 26.8zm76.1 27.2c-1.7-35.9-9.9-67.7-36.2-93.9-26.2-26.2-58-34.4-93.9-36.2-37-2.1-147.9-2.1-184.9 0-35.8 1.7-67.6 9.9-93.9 36.1s-34.4 58-36.2 93.9c-2.1 37-2.1 147.9 0 184.9 1.7 35.9 9.9 67.7 36.2 93.9s58 34.4 93.9 36.2c37 2.1 147.9 2.1 184.9 0 35.9-1.7 67.7-9.9 93.9-36.2 26.2-26.2 34.4-58 36.2-93.9 2.1-37 2.1-147.8 0-184.8zM398.8 388c-7.8 19.6-22.9 34.7-42.6 42.6-29.5 11.7-99.5 9-132.1 9s-102.7 2.6-132.1-9c-19.6-7.8-34.7-22.9-42.6-42.6-11.7-29.5-9-99.5-9-132.1s-2.6-102.7 9-132.1c7.8-19.6 22.9-34.7 42.6-42.6 29.5-11.7 99.5-9 132.1-9s102.7-2.6 132.1 9c19.6 7.8 34.7 22.9 42.6 42.6 11.7 29.5 9 99.5 9 132.1s2.7 102.7-9 132.1z\"><\/path><\/svg>\t\t\t\t\t<\/a>\n\t\t\t\t<\/span>\n\t\t\t\t\t\t\t<span class=\"elementor-grid-item\" role=\"listitem\">\n\t\t\t\t\t<a class=\"elementor-icon elementor-social-icon elementor-social-icon-linkedin elementor-repeater-item-a1c64d4\" href=\"https:\/\/br.linkedin.com\/company\/clark-picollo-advogados\" target=\"_blank\">\n\t\t\t\t\t\t<span class=\"elementor-screen-only\">Linkedin<\/span>\n\t\t\t\t\t\t<svg class=\"e-font-icon-svg e-fab-linkedin\" viewbox=\"0 0 448 512\" xmlns=\"http:\/\/www.w3.org\/2000\/svg\"><path d=\"M416 32H31.9C14.3 32 0 46.5 0 64.3v383.4C0 465.5 14.3 480 31.9 480H416c17.6 0 32-14.5 32-32.3V64.3c0-17.8-14.4-32.3-32-32.3zM135.4 416H69V202.2h66.5V416zm-33.2-243c-21.3 0-38.5-17.3-38.5-38.5S80.9 96 102.2 96c21.2 0 38.5 17.3 38.5 38.5 0 21.3-17.2 38.5-38.5 38.5zm282.1 243h-66.4V312c0-24.8-.5-56.7-34.5-56.7-34.6 0-39.9 27-39.9 54.9V416h-66.4V202.2h63.7v29.2h.9c8.9-16.8 30.6-34.5 62.9-34.5 67.2 0 79.7 44.3 79.7 101.9V416z\"><\/path><\/svg>\t\t\t\t\t<\/a>\n\t\t\t\t<\/span>\n\t\t\t\t\t\t\t<span class=\"elementor-grid-item\" role=\"listitem\">\n\t\t\t\t\t<a class=\"elementor-icon elementor-social-icon elementor-social-icon-facebook elementor-repeater-item-f4f16ac\" href=\"https:\/\/www.facebook.com\/clarkpicolloadv\/\" target=\"_blank\">\n\t\t\t\t\t\t<span class=\"elementor-screen-only\">Facebook<\/span>\n\t\t\t\t\t\t<svg class=\"e-font-icon-svg e-fab-facebook\" viewbox=\"0 0 512 512\" xmlns=\"http:\/\/www.w3.org\/2000\/svg\"><path d=\"M504 256C504 119 393 8 256 8S8 119 8 256c0 123.78 90.69 226.38 209.25 245V327.69h-63V256h63v-54.64c0-62.15 37-96.48 93.67-96.48 27.14 0 55.52 4.84 55.52 4.84v61h-31.28c-30.8 0-40.41 19.12-40.41 38.73V256h68.78l-11 71.69h-57.78V501C413.31 482.38 504 379.78 504 256z\"><\/path><\/svg>\t\t\t\t\t<\/a>\n\t\t\t\t<\/span>\n\t\t\t\t\t<\/div>\n\t\t\t\t\t\t<\/div>\n\t\t\t\t<\/div>\n\t\t\t\t<div class=\"elementor-element elementor-element-0a6a804 elementor-widget__width-initial elementor-widget elementor-widget-heading\" data-id=\"0a6a804\" data-element_type=\"widget\" data-widget_type=\"heading.default\">\n\t\t\t\t<div class=\"elementor-widget-container\">\n\t\t\t\t\t<h5 class=\"elementor-heading-title elementor-size-medium\">Copyright 2026 \u00a9 Clark &amp; Picollo Advogados | Todos direitos reservados.<\/h5>\t\t\t\t<\/div>\n\t\t\t\t<\/div>\n\t\t\t\t<div class=\"elementor-element elementor-element-22707f6 elementor-widget elementor-widget-text-editor\" data-id=\"22707f6\" data-element_type=\"widget\" data-widget_type=\"text-editor.default\">\n\t\t\t\t<div class=\"elementor-widget-container\">\n\t\t\t\t\t\t\t\t\t<p>CNPJ 27.750.356\/0001-07<\/p>\t\t\t\t\t\t\t\t<\/div>\n\t\t\t\t<\/div>\n\t\t\t\t<div class=\"elementor-element elementor-element-a583611 elementor-align-center elementor-widget__width-initial elementor-widget elementor-widget-button\" data-id=\"a583611\" data-element_type=\"widget\" data-widget_type=\"button.default\">\n\t\t\t\t<div class=\"elementor-widget-container\">\n\t\t\t\t\t\t\t\t\t<div class=\"elementor-button-wrapper\">\n\t\t\t\t\t<a class=\"elementor-button elementor-button-link elementor-size-xs elementor-animation-shrink\" href=\"https:\/\/clarkpicollo.adv.br\/en\/politica-de-privacidade\/\">\n\t\t\t\t\t\t<span class=\"elementor-button-content-wrapper\">\n\t\t\t\t\t\t<span class=\"elementor-button-icon\">\n\t\t\t\t<svg aria-hidden=\"true\" class=\"e-font-icon-svg e-far-eye-slash\" viewbox=\"0 0 640 512\" xmlns=\"http:\/\/www.w3.org\/2000\/svg\"><path d=\"M634 471L36 3.51A16 16 0 0 0 13.51 6l-10 12.49A16 16 0 0 0 6 41l598 467.49a16 16 0 0 0 22.49-2.49l10-12.49A16 16 0 0 0 634 471zM296.79 146.47l134.79 105.38C429.36 191.91 380.48 144 320 144a112.26 112.26 0 0 0-23.21 2.47zm46.42 219.07L208.42 260.16C210.65 320.09 259.53 368 320 368a113 113 0 0 0 23.21-2.46zM320 112c98.65 0 189.09 55 237.93 144a285.53 285.53 0 0 1-44 60.2l37.74 29.5a333.7 333.7 0 0 0 52.9-75.11 32.35 32.35 0 0 0 0-29.19C550.29 135.59 442.93 64 320 64c-36.7 0-71.71 7-104.63 18.81l46.41 36.29c18.94-4.3 38.34-7.1 58.22-7.1zm0 288c-98.65 0-189.08-55-237.93-144a285.47 285.47 0 0 1 44.05-60.19l-37.74-29.5a333.6 333.6 0 0 0-52.89 75.1 32.35 32.35 0 0 0 0 29.19C89.72 376.41 197.08 448 320 448c36.7 0 71.71-7.05 104.63-18.81l-46.41-36.28C359.28 397.2 339.89 400 320 400z\"><\/path><\/svg>\t\t\t<\/span>\n\t\t\t\t\t\t\t\t\t<span class=\"elementor-button-text\">Privacy Policy<\/span>\n\t\t\t\t\t<\/span>\n\t\t\t\t\t<\/a>\n\t\t\t\t<\/div>\n\t\t\t\t\t\t\t\t<\/div>\n\t\t\t\t<\/div>\n\t\t\t\t<\/div>\n\t\t\t\t<\/div>","protected":false},"excerpt":{"rendered":"<p>\u00c1REAS DE ATUA\u00c7\u00c3O Nossas especialidades Acreditamos que a preven\u00e7\u00e3o, atrav\u00e9s do servi\u00e7o consultivo, \u00e9 a melhor forma de evitar problemas futuros, por isso, oferecemos servi\u00e7os direcionados \u00e0 gest\u00e3o jur\u00eddica de riscos empresariais em diferentes \u00e1reas. Al\u00e9m disso, em caso de lit\u00edgios, nossa equipe tamb\u00e9m oferece servi\u00e7os de alta qualidade, incluindo representa\u00e7\u00e3o em processos judiciais e [&hellip;]<\/p>","protected":false},"author":6,"featured_media":0,"parent":0,"menu_order":0,"comment_status":"closed","ping_status":"closed","template":"","meta":{"footnotes":""},"class_list":["post-217","page","type-page","status-publish","hentry"],"yoast_head":"<!-- This site is optimized with the Yoast SEO plugin v25.8 - https:\/\/yoast.com\/wordpress\/plugins\/seo\/ -->\n<title>\u00c1reas de atua\u00e7\u00e3o | Clark &amp; Picollo Advogados<\/title>\n<meta name=\"description\" content=\"Sempre expandindo nossos horizontes para proporcionar uma experi\u00eancia e resultado melhor para nossos clientes. Confira nossas \u00e1reas de atua\u00e7\u00e3o.\" \/>\n<meta name=\"robots\" content=\"index, follow, max-snippet:-1, max-image-preview:large, max-video-preview:-1\" \/>\n<link rel=\"canonical\" href=\"https:\/\/clarkpicollo.adv.br\/en\/areas-de-atuacao\/\" \/>\n<meta property=\"og:locale\" content=\"en_US\" \/>\n<meta property=\"og:type\" content=\"article\" \/>\n<meta property=\"og:title\" content=\"\u00c1reas de atua\u00e7\u00e3o | Clark &amp; Picollo Advogados\" \/>\n<meta property=\"og:description\" content=\"Sempre expandindo nossos horizontes para proporcionar uma experi\u00eancia e resultado melhor para nossos clientes. Confira nossas \u00e1reas de atua\u00e7\u00e3o.\" \/>\n<meta property=\"og:url\" content=\"https:\/\/clarkpicollo.adv.br\/en\/areas-de-atuacao\/\" \/>\n<meta property=\"og:site_name\" content=\"Clark &amp; Picollo Advogados\" \/>\n<meta property=\"article:publisher\" content=\"https:\/\/www.facebook.com\/clarkpicolloadv\/\" \/>\n<meta property=\"article:modified_time\" content=\"2025-08-21T12:31:31+00:00\" \/>\n<meta name=\"twitter:card\" content=\"summary_large_image\" \/>\n<meta name=\"twitter:label1\" content=\"Est. reading time\" \/>\n\t<meta name=\"twitter:data1\" content=\"1 minute\" \/>\n<script type=\"application\/ld+json\" class=\"yoast-schema-graph\">{\"@context\":\"https:\/\/schema.org\",\"@graph\":[{\"@type\":\"WebPage\",\"@id\":\"https:\/\/clarkpicollo.adv.br\/areas-de-atuacao\/\",\"url\":\"https:\/\/clarkpicollo.adv.br\/areas-de-atuacao\/\",\"name\":\"\u00c1reas de atua\u00e7\u00e3o | Clark &amp; Picollo Advogados\",\"isPartOf\":{\"@id\":\"https:\/\/clarkpicollo.adv.br\/#website\"},\"datePublished\":\"2021-11-05T13:49:54+00:00\",\"dateModified\":\"2025-08-21T12:31:31+00:00\",\"description\":\"Sempre expandindo nossos horizontes para proporcionar uma experi\u00eancia e resultado melhor para nossos clientes. Confira nossas \u00e1reas de atua\u00e7\u00e3o.\",\"breadcrumb\":{\"@id\":\"https:\/\/clarkpicollo.adv.br\/areas-de-atuacao\/#breadcrumb\"},\"inLanguage\":\"en-US\",\"potentialAction\":[{\"@type\":\"ReadAction\",\"target\":[\"https:\/\/clarkpicollo.adv.br\/areas-de-atuacao\/\"]}]},{\"@type\":\"BreadcrumbList\",\"@id\":\"https:\/\/clarkpicollo.adv.br\/areas-de-atuacao\/#breadcrumb\",\"itemListElement\":[{\"@type\":\"ListItem\",\"position\":1,\"name\":\"In\u00edcio\",\"item\":\"https:\/\/clarkpicollo.adv.br\/\"},{\"@type\":\"ListItem\",\"position\":2,\"name\":\"\u00c1reas de atua\u00e7\u00e3o\"}]},{\"@type\":\"WebSite\",\"@id\":\"https:\/\/clarkpicollo.adv.br\/#website\",\"url\":\"https:\/\/clarkpicollo.adv.br\/\",\"name\":\"Clark &amp; Picollo Advogados\",\"description\":\"Assessoria jur\u00eddica empresarial e com\u00e9rcio exterior. Conhe\u00e7a nossos servi\u00e7os em Clark Picollo Advogados.\",\"publisher\":{\"@id\":\"https:\/\/clarkpicollo.adv.br\/#organization\"},\"potentialAction\":[{\"@type\":\"SearchAction\",\"target\":{\"@type\":\"EntryPoint\",\"urlTemplate\":\"https:\/\/clarkpicollo.adv.br\/?s={search_term_string}\"},\"query-input\":{\"@type\":\"PropertyValueSpecification\",\"valueRequired\":true,\"valueName\":\"search_term_string\"}}],\"inLanguage\":\"en-US\"},{\"@type\":\"Organization\",\"@id\":\"https:\/\/clarkpicollo.adv.br\/#organization\",\"name\":\"Clark & Picollo Advogados\",\"url\":\"https:\/\/clarkpicollo.adv.br\/\",\"logo\":{\"@type\":\"ImageObject\",\"inLanguage\":\"en-US\",\"@id\":\"https:\/\/clarkpicollo.adv.br\/#\/schema\/logo\/image\/\",\"url\":\"\",\"contentUrl\":\"\",\"caption\":\"Clark & Picollo Advogados\"},\"image\":{\"@id\":\"https:\/\/clarkpicollo.adv.br\/#\/schema\/logo\/image\/\"},\"sameAs\":[\"https:\/\/www.facebook.com\/clarkpicolloadv\/\",\"https:\/\/www.instagram.com\/clarkpicolloadv\/\",\"https:\/\/br.linkedin.com\/company\/clark-picollo-advogados\"]}]}<\/script>\n<!-- \/ Yoast SEO plugin. -->","yoast_head_json":{"title":"\u00c1reas de atua\u00e7\u00e3o | Clark &amp; Picollo Advogados","description":"Sempre expandindo nossos horizontes para proporcionar uma experi\u00eancia e resultado melhor para nossos clientes. Confira nossas \u00e1reas de atua\u00e7\u00e3o.","robots":{"index":"index","follow":"follow","max-snippet":"max-snippet:-1","max-image-preview":"max-image-preview:large","max-video-preview":"max-video-preview:-1"},"canonical":"https:\/\/clarkpicollo.adv.br\/en\/areas-de-atuacao\/","og_locale":"en_US","og_type":"article","og_title":"\u00c1reas de atua\u00e7\u00e3o | Clark &amp; Picollo Advogados","og_description":"Sempre expandindo nossos horizontes para proporcionar uma experi\u00eancia e resultado melhor para nossos clientes. Confira nossas \u00e1reas de atua\u00e7\u00e3o.","og_url":"https:\/\/clarkpicollo.adv.br\/en\/areas-de-atuacao\/","og_site_name":"Clark &amp; Picollo Advogados","article_publisher":"https:\/\/www.facebook.com\/clarkpicolloadv\/","article_modified_time":"2025-08-21T12:31:31+00:00","twitter_card":"summary_large_image","twitter_misc":{"Est. reading time":"1 minute"},"schema":{"@context":"https:\/\/schema.org","@graph":[{"@type":"WebPage","@id":"https:\/\/clarkpicollo.adv.br\/areas-de-atuacao\/","url":"https:\/\/clarkpicollo.adv.br\/areas-de-atuacao\/","name":"\u00c1reas de atua\u00e7\u00e3o | Clark &amp; Picollo Advogados","isPartOf":{"@id":"https:\/\/clarkpicollo.adv.br\/#website"},"datePublished":"2021-11-05T13:49:54+00:00","dateModified":"2025-08-21T12:31:31+00:00","description":"Sempre expandindo nossos horizontes para proporcionar uma experi\u00eancia e resultado melhor para nossos clientes. Confira nossas \u00e1reas de atua\u00e7\u00e3o.","breadcrumb":{"@id":"https:\/\/clarkpicollo.adv.br\/areas-de-atuacao\/#breadcrumb"},"inLanguage":"en-US","potentialAction":[{"@type":"ReadAction","target":["https:\/\/clarkpicollo.adv.br\/areas-de-atuacao\/"]}]},{"@type":"BreadcrumbList","@id":"https:\/\/clarkpicollo.adv.br\/areas-de-atuacao\/#breadcrumb","itemListElement":[{"@type":"ListItem","position":1,"name":"In\u00edcio","item":"https:\/\/clarkpicollo.adv.br\/"},{"@type":"ListItem","position":2,"name":"\u00c1reas de atua\u00e7\u00e3o"}]},{"@type":"WebSite","@id":"https:\/\/clarkpicollo.adv.br\/#website","url":"https:\/\/clarkpicollo.adv.br\/","name":"Clark &amp; Picollo Advogados","description":"Assessoria jur\u00eddica empresarial e com\u00e9rcio exterior. Conhe\u00e7a nossos servi\u00e7os em Clark Picollo Advogados.","publisher":{"@id":"https:\/\/clarkpicollo.adv.br\/#organization"},"potentialAction":[{"@type":"SearchAction","target":{"@type":"EntryPoint","urlTemplate":"https:\/\/clarkpicollo.adv.br\/?s={search_term_string}"},"query-input":{"@type":"PropertyValueSpecification","valueRequired":true,"valueName":"search_term_string"}}],"inLanguage":"en-US"},{"@type":"Organization","@id":"https:\/\/clarkpicollo.adv.br\/#organization","name":"Clark & Picollo Advogados","url":"https:\/\/clarkpicollo.adv.br\/","logo":{"@type":"ImageObject","inLanguage":"en-US","@id":"https:\/\/clarkpicollo.adv.br\/#\/schema\/logo\/image\/","url":"","contentUrl":"","caption":"Clark & Picollo Advogados"},"image":{"@id":"https:\/\/clarkpicollo.adv.br\/#\/schema\/logo\/image\/"},"sameAs":["https:\/\/www.facebook.com\/clarkpicolloadv\/","https:\/\/www.instagram.com\/clarkpicolloadv\/","https:\/\/br.linkedin.com\/company\/clark-picollo-advogados"]}]}},"_links":{"self":[{"href":"https:\/\/clarkpicollo.adv.br\/en\/wp-json\/wp\/v2\/pages\/217","targetHints":{"allow":["GET"]}}],"collection":[{"href":"https:\/\/clarkpicollo.adv.br\/en\/wp-json\/wp\/v2\/pages"}],"about":[{"href":"https:\/\/clarkpicollo.adv.br\/en\/wp-json\/wp\/v2\/types\/page"}],"author":[{"embeddable":true,"href":"https:\/\/clarkpicollo.adv.br\/en\/wp-json\/wp\/v2\/users\/6"}],"replies":[{"embeddable":true,"href":"https:\/\/clarkpicollo.adv.br\/en\/wp-json\/wp\/v2\/comments?post=217"}],"version-history":[{"count":811,"href":"https:\/\/clarkpicollo.adv.br\/en\/wp-json\/wp\/v2\/pages\/217\/revisions"}],"predecessor-version":[{"id":13429,"href":"https:\/\/clarkpicollo.adv.br\/en\/wp-json\/wp\/v2\/pages\/217\/revisions\/13429"}],"wp:attachment":[{"href":"https:\/\/clarkpicollo.adv.br\/en\/wp-json\/wp\/v2\/media?parent=217"}],"curies":[{"name":"wp","href":"https:\/\/api.w.org\/{rel}","templated":true}]}}